{"id":5013,"date":"2023-11-15T08:03:46","date_gmt":"2023-11-15T07:03:46","guid":{"rendered":"https:\/\/majapatchwork.com\/homepage\/"},"modified":"2023-12-01T19:05:29","modified_gmt":"2023-12-01T18:05:29","slug":"homepage","status":"publish","type":"page","link":"https:\/\/majapatchwork.com\/en\/","title":{"rendered":"Homepage"},"content":{"rendered":"<section class=\"wpb-content-wrapper\">[vc_row css_animation=&#8221;slideInUp&#8221; css=&#8221;.vc_custom_1701453823272{padding-top: 50px !important;padding-bottom: 50px !important;}&#8221;][vc_column bg_cws_repeat=&#8221;no-repeat&#8221; css=&#8221;.vc_custom_1700078518294{margin-top: 50px !important;}&#8221;]<div class='cws_textmodule cws_vc_shortcode_module' id='cws_textmodule_69f4d14f2ca13'><div class='cws_textmodule_wrapper'><div class='cws_textmodule_text text_align_center'><div class='cws_textmodule_titles'><h3 class='cws_textmodule_title large'>Step into the enchanting world of handmade patchwork - whether you want to create or collect<\/h3><\/div><\/div><\/div><\/div><div id='cws_divider_69f4d14f2cb42' class='separator-wrapper stars_type '><hr style='height:3px;'><\/div>[\/vc_column][vc_column width=&#8221;1\/2&#8243;][vc_single_image image=&#8221;3583&#8243; img_size=&#8221;full&#8221;][\/vc_column][vc_column width=&#8221;1\/2&#8243;]<div class='cws_textmodule cws_vc_shortcode_module' id='cws_textmodule_69f4d14f2d0ce'><div class='cws_textmodule_wrapper'><div class='cws_textmodule_text text_align_left'><div class='cws_textmodule_titles'><\/div><div class='cws_textmodule_content'><div class='text_content_wrapper'><p style=\"text-align: justify;\">Hello! I am Maja. Welcome to Majapatchwork creative sewing workshop. This is a small piece of the internet dedicated to those who are the creative at heart. For the last 18 years I have been sewing in various patchwork technics. As a result of my 18th years experience, I can say that I brought joy to many young parents, grandparents, friends, coworkers, teachers who received and gave as a present my craft projects. I am a self-taught artist. I always feel happy when people like my creations and want to give them as a present.<br \/>\nJoin me as I share what I&#8217;ve learned through trial and error. I will walk you through how to create your own beautiful projects. I will provide a laugh or two along the way. A sewing is therapy. Making is adding something uniquely you to the world. So get out there, and make something! Don&#8217;t forget to tag anything you want to share with me on social media with #majapatchwork<br \/>\nOn my web page, you can visit a gallery of finished products that I make. They are listed in categories. I make them by the order. The images serve as inspiration for future orders. If you are interested to make an order, you can contact me by e-mail or sending message on social media.<br \/>\nNew thing on my page is a web shop with PDF patterns of my projects.<br \/>\nWelcome!<\/p>\n<\/div><\/div><\/div><\/div><\/div>[\/vc_column][vc_column]<div id='cws_divider_69f4d14f2d1ed' class='separator-wrapper stars_type '><hr style='height:3px;'><\/div><div id=\"vintwood_soc_icon_69f4d14f2d2aa\" class=\"cws_social_icons icon_size_regular a-center\"><a href='https:\/\/www.facebook.com\/Majapatchwork' class='cws_icon fab fa-facebook-f' style='color:#ffffff;background:#7a5c54;border-color:#7a5c54;font-size:15px;' target='_blank'  title='Facebook'><\/a><a href='https:\/\/www.instagram.com\/_majapatchwork_\/' class='cws_icon fab fa-instagram' style='color:#ffffff;background:#7a5c54;border-color:#7a5c54;font-size:15px;' target='_blank'  title='Instagram'><\/a><a href='https:\/\/www.youtube.com\/@majapatchwork-creative-sewing' class='cws_icon fab fa-youtube' style='color:#ffffff;background:#7a5c54;border-color:#7a5c54;font-size:15px;' target='_blank'  title='Youtube'><\/a><\/div>[\/vc_column][\/vc_row][vc_row css_animation=&#8221;slideInUp&#8221; css=&#8221;.vc_custom_1700151998239{padding-top: 50px !important;padding-bottom: 50px !important;}&#8221;][vc_column]<div class='cws_textmodule cws_vc_shortcode_module' id='cws_textmodule_69f4d14f2d4fc'><div class='cws_textmodule_wrapper'><div class='cws_textmodule_text text_align_center'><div class='cws_textmodule_titles'><div class='cws_textmodule_subtitle_wrapper with_decor'><span class='subtitile_left_decor'><\/span><h4 class='cws_textmodule_subtitle'>NEW<\/h4><span class='subtitile_right_decor'><\/span><\/div><\/div><\/div><\/div><\/div><div class=\"cws_spacing cws_spacing_size_sm_desctop-on cws_spacing_tablet-on cws_spacing_mobile-on\"><div class=\"cws_spacing cws_spacing_default\" style=\"height:30px;\"><\/div> <div class=\"cws_spacing cws_spacing_size_sm_desctop\" style=\"height:30px;\"><\/div> <div class=\"cws_spacing cws_spacing_tablet\" style=\"height:30px;\"><\/div> <div class=\"cws_spacing cws_spacing_mobile\" style=\"height:30px;\"><\/div><\/div><div id='banner_id_69f4d14f2d6f6' class='vintwood_banner simple  '><a href='#' class='banner_wrapper align_left'><span class='icon'><i class='flaticon-shopping-basket-1'><\/i><\/span><div class='banner_table'><div class='banner_cell'><h3 class='banner_title'>WEB SHOP<\/h3><span class='banner_offer'>WEB SHOP WITH PDF PATTERNS COMING SOON<\/span><\/div><\/div><\/a><\/div>[\/vc_column][\/vc_row][vc_row css_animation=&#8221;slideInUp&#8221; css=&#8221;.vc_custom_1700152086088{padding-top: 50px !important;padding-bottom: 50px !important;}&#8221;][vc_column]<div class='cws_textmodule cws_vc_shortcode_module' id='cws_textmodule_69f4d14f2d9ac'><div class='cws_textmodule_wrapper'><div class='cws_textmodule_text text_align_center'><div class='cws_textmodule_titles'><div class='cws_textmodule_subtitle_wrapper with_decor'><span class='subtitile_left_decor'><\/span><h4 class='cws_textmodule_subtitle'>GALLERY<\/h4><span class='subtitile_right_decor'><\/span><\/div><\/div><\/div><\/div><\/div><div id='cws_vc_shortcode_icon_69f4d14f2db0f' class='cws_sc_icon_wrapper align_center style_simple '><div class='icon_holder'><i class='cws_sc_icon flaticon-photo-camera-1'><\/i><\/div><\/div><div class=\"cws_spacing cws_spacing_size_sm_desctop-on cws_spacing_tablet-on cws_spacing_mobile-on\"><div class=\"cws_spacing cws_spacing_default\" style=\"height:30px;\"><\/div> <div class=\"cws_spacing cws_spacing_size_sm_desctop\" style=\"height:30px;\"><\/div> <div class=\"cws_spacing cws_spacing_tablet\" style=\"height:30px;\"><\/div> <div class=\"cws_spacing cws_spacing_mobile\" style=\"height:30px;\"><\/div><\/div><div id='cws_vc_shortcode_carousel_69f4d14f2dc57' class='cws_vc_shortcode_sc_carousel cws_sc_carousel cws_vc_shortcode_module arrows_on_hover arrows_nav ' data-columns='4'><div class='carousel_nav_panel'><span class='prev'><\/span><span class='next'><\/span><\/div><div class='cws_vc_shortcode_wrapper cws_wrapper'>[vc_single_image image=&#8221;3722&#8243; alignment=&#8221;center&#8221; onclick=&#8221;link_image&#8221;][vc_single_image image=&#8221;3754&#8243; alignment=&#8221;center&#8221; onclick=&#8221;link_image&#8221;][vc_single_image image=&#8221;3771&#8243; alignment=&#8221;center&#8221; onclick=&#8221;link_image&#8221;][vc_single_image image=&#8221;3804&#8243; alignment=&#8221;center&#8221; onclick=&#8221;link_image&#8221;][vc_single_image image=&#8221;3851&#8243; alignment=&#8221;center&#8221; onclick=&#8221;link_image&#8221;][vc_single_image image=&#8221;3831&#8243; alignment=&#8221;center&#8221; onclick=&#8221;link_image&#8221;][vc_single_image image=&#8221;3872&#8243; alignment=&#8221;center&#8221; onclick=&#8221;link_image&#8221;][vc_single_image image=&#8221;3887&#8243; alignment=&#8221;center&#8221; onclick=&#8221;link_image&#8221;]<\/div><\/div><div class=\"cws_spacing cws_spacing_size_sm_desctop-on cws_spacing_tablet-on cws_spacing_mobile-on\"><div class=\"cws_spacing cws_spacing_default\" style=\"height:30px;\"><\/div> <div class=\"cws_spacing cws_spacing_size_sm_desctop\" style=\"height:30px;\"><\/div> <div class=\"cws_spacing cws_spacing_tablet\" style=\"height:30px;\"><\/div> <div class=\"cws_spacing cws_spacing_mobile\" style=\"height:30px;\"><\/div><\/div><div class='sc_button_wrapper  align-center mobile-align-center'><a href='\/en\/gallery' class='cws_custom_button regular simple' id='cws_vc_shortcode_button_69f4d14f2de1e'>VIEW GALLERY<\/a><\/div>[\/vc_column][\/vc_row][vc_row full_width=&#8221;stretch_row&#8221; css_animation=&#8221;slideInUp&#8221; add_layers=&#8221;1&#8243; extra_layer_repeat=&#8221;repeat&#8221; cws_layer_image=&#8221;1138&#8243; extra_layer_width=&#8221;100&#8243; extra_layer_height=&#8221;55&#8243; css=&#8221;.vc_custom_1700152129609{padding-top: 50px !important;padding-bottom: 50px !important;}&#8221;][vc_column]<div class='cws_textmodule cws_vc_shortcode_module' id='cws_textmodule_69f4d14f2e059'><div class='cws_textmodule_wrapper'><div class='cws_textmodule_text text_align_center'><div class='cws_textmodule_titles'><div class='cws_textmodule_subtitle_wrapper with_decor'><span class='subtitile_left_decor'><\/span><h4 class='cws_textmodule_subtitle'>CUSTOMER REVIEWS<\/h4><span class='subtitile_right_decor'><\/span><\/div><\/div><\/div><\/div><\/div><div id='cws_vc_shortcode_icon_69f4d14f2e1f7' class='cws_sc_icon_wrapper align_center style_simple '><div class='icon_holder'><i class='cws_sc_icon flaticon-user-1'><\/i><\/div><\/div><div id='cws_testimonail_69f4d14f2e303' class='testimonial  testimonials_carousel style_2 ' data-col='1' ><div class='testimonial_item'><div class='content_wrap'><div class='quote_wrap'>Ooo hvala vam puno odlican poklon !!!\nCujemo se sigurno opet kad budem trazila kvalitetan unikatan poklon.<\/div><h5 class='testimonial_name'>Marina D.<\/h5><\/div><\/div><div class='testimonial_item'><div class='content_wrap'><div class='quote_wrap'>Pozdrav!\u2028Upravo mi je stigao paketi\u0107, u\u017eivo izgleda jo\u0161 i ljep\u0161e, stvarno je prekrasno! \u2028\u2028Hvala za poklon\u010di\u0107 i sve najbolje Vam \u017eelim za nadolaze\u0107e blagdane, a sura\u0111ivat \u0107emo sigurno jo\u0161 idu\u0107e godine. <\/div><h5 class='testimonial_name'>Katarina C.<\/h5><\/div><\/div><div class='testimonial_item'><div class='content_wrap'><div class='quote_wrap'>Primila ju\u010der\nSve super. I hvala na suradnji\nDefinitivno vas preporu\u010dam dalje\nVec me par ljudi pitalo \nJako kvalitetno i lijepo. Bez gre\u0161ke<\/div><h5 class='testimonial_name'>Maja B.<\/h5><\/div><\/div><div class='testimonial_item'><div class='content_wrap'><div class='quote_wrap'>Slonic je vec stigao! \u2028Jos ljepsi uzivo nego na slikama. Hvala Vam <\/div><h5 class='testimonial_name'>Kristina B.<\/h5><\/div><\/div><div class='testimonial_item'><div class='content_wrap'><div class='quote_wrap'>Stiglo! Hvala!  I puno hvala na susretljivosti i brzini! <\/div><h5 class='testimonial_name'>Ivana \u010c.<\/h5><\/div><\/div><div class='testimonial_item'><div class='content_wrap'><div class='quote_wrap'>Stigao paket\nSve je prekrasno\nHvala puno!<\/div><h5 class='testimonial_name'>Renata K.<\/h5><\/div><\/div><div class='testimonial_item'><div class='content_wrap'><div class='quote_wrap'>Sretan Bozic \nMoj prekrivac jos nema konkurenciju!! <\/div><h5 class='testimonial_name'>Suzana K.<\/h5><\/div><\/div><div class='testimonial_item'><div class='content_wrap'><div class='quote_wrap'>Predivno... Obo\u017eavam tvoj rad\n<\/div><h5 class='testimonial_name'>Zorica J.<\/h5><\/div><\/div><div class='testimonial_item'><div class='content_wrap'><div class='quote_wrap'>Van svakih o\u010dekivanjaaaaaaa\nPrekrasno, Majoooo<\/div><h5 class='testimonial_name'>Ana-Marija B.<\/h5><\/div><\/div><div class='testimonial_item'><div class='content_wrap'><div class='quote_wrap'>Stigao je prekrivac, stvarno je predivan, jos ljepsi uzivo<\/div><h5 class='testimonial_name'>Marta S.<\/h5><\/div><\/div><div class='testimonial_item'><div class='content_wrap'><div class='quote_wrap'>Stigao je prekrivac, stvarno je predivan, jos ljepsi uzivo\n<\/div><h5 class='testimonial_name'>Sanela \u0160.<\/h5><\/div><\/div><div class='testimonial_item'><div class='content_wrap'><div class='quote_wrap'>Pozdrav paket je prije stigao ali sam ja bila na moru pa nisam vidla... odu\u0161evljena sam, prekrasno je hvala<\/div><h5 class='testimonial_name'>Barbara K.<\/h5><\/div><\/div><div class='testimonial_item'><div class='content_wrap'><div class='quote_wrap'>Pozdrav! Samo da javim stiga je prekrivac ,preee lip je svi smo preee zadovoljni,puno hvala jos jednom!zelim Vam puno uspjeha u radu !\n<\/div><h5 class='testimonial_name'>Antonia B.<\/h5><\/div><\/div><div class='testimonial_item'><div class='content_wrap'><div class='quote_wrap'>Stiglo je . Odli\u010dno je. Jedva \u010dekam sada da mama i beba vide poklon . Prelijepo je \n<\/div><h5 class='testimonial_name'>Ana D.<\/h5><\/div><\/div><div class='testimonial_item'><div class='content_wrap'><div class='quote_wrap'>Ma prava ste majstorica, rasplakala sam se kad sam vidjela prekrivac, hvalaaa punoo<\/div><h5 class='testimonial_name'>Karmela O.<\/h5><\/div><\/div><div class='testimonial_item'><div class='content_wrap'><div class='quote_wrap'>Ups\nZaboravila sam javit da je stiglo\nJo\u0161 prije neki dan\nSuuper je\n\nHvala puno<\/div><h5 class='testimonial_name'>Dra\u017eena K.<\/h5><\/div><\/div><\/div><div class=\"cws_spacing cws_spacing_size_sm_desctop-on cws_spacing_tablet-on cws_spacing_mobile-on\"><div class=\"cws_spacing cws_spacing_default\" style=\"height:100px;\"><\/div> <div class=\"cws_spacing cws_spacing_size_sm_desctop\" style=\"height:100px;\"><\/div> <div class=\"cws_spacing cws_spacing_tablet\" style=\"height:100px;\"><\/div> <div class=\"cws_spacing cws_spacing_mobile\" style=\"height:50px;\"><\/div><\/div>[\/vc_column][\/vc_row]\n<\/section>","protected":false},"excerpt":{"rendered":"<p>[vc_row css_animation=&#8221;slideInUp&#8221; css=&#8221;.vc_custom_1701453823272{padding-top: 50px !important;padding-bottom: 50px !important;}&#8221;][vc_column bg_cws_repeat=&#8221;no-repeat&#8221; css=&#8221;.vc_custom_1700078518294{margin-top: 50px !important;}&#8221;][\/vc_column][vc_column width=&#8221;1\/2&#8243;][vc_single_image image=&#8221;3583&#8243; img_size=&#8221;full&#8221;][\/vc_column][vc_column width=&#8221;1\/2&#8243;][\/vc_column][vc_column][\/vc_column][\/vc_row][vc_row css_animation=&#8221;slideInUp&#8221; css=&#8221;.vc_custom_1700151998239{padding-top: 50px !important;padding-bottom: 50px !important;}&#8221;][vc_column][\/vc_column][\/vc_row][vc_row css_animation=&#8221;slideInUp&#8221; css=&#8221;.vc_custom_1700152086088{padding-top: 50px !important;padding-bottom: 50px !important;}&#8221;][vc_column][\/vc_column][\/vc_row][vc_row full_width=&#8221;stretch_row&#8221; css_animation=&#8221;slideInUp&#8221; add_layers=&#8221;1&#8243; extra_layer_repeat=&#8221;repeat&#8221; cws_layer_image=&#8221;1138&#8243; extra_layer_width=&#8221;100&#8243; extra_layer_height=&#8221;55&#8243; css=&#8221;.vc_custom_1700152129609{padding-top: 50px !important;padding-bottom: 50px !important;}&#8221;][vc_column][\/vc_column][\/vc_row]<\/p>\n","protected":false},"author":1,"featured_media":0,"parent":0,"menu_order":0,"comment_status":"closed","ping_status":"closed","template":"","meta":{"footnotes":""},"_links":{"self":[{"href":"https:\/\/majapatchwork.com\/en\/wp-json\/wp\/v2\/pages\/5013"}],"collection":[{"href":"https:\/\/majapatchwork.com\/en\/wp-json\/wp\/v2\/pages"}],"about":[{"href":"https:\/\/majapatchwork.com\/en\/wp-json\/wp\/v2\/types\/page"}],"author":[{"embeddable":true,"href":"https:\/\/majapatchwork.com\/en\/wp-json\/wp\/v2\/users\/1"}],"replies":[{"embeddable":true,"href":"https:\/\/majapatchwork.com\/en\/wp-json\/wp\/v2\/comments?post=5013"}],"version-history":[{"count":0,"href":"https:\/\/majapatchwork.com\/en\/wp-json\/wp\/v2\/pages\/5013\/revisions"}],"wp:attachment":[{"href":"https:\/\/majapatchwork.com\/en\/wp-json\/wp\/v2\/media?parent=5013"}],"curies":[{"name":"wp","href":"https:\/\/api.w.org\/{rel}","templated":true}]}}